{"id":109,"date":"2024-11-13T11:41:23","date_gmt":"2024-11-13T11:41:23","guid":{"rendered":"https:\/\/quentin-georges-foray.com\/?page_id=109"},"modified":"2024-11-13T11:42:49","modified_gmt":"2024-11-13T11:42:49","slug":"a-propos","status":"publish","type":"page","link":"https:\/\/quentin-georges-foray.com\/?page_id=109","title":{"rendered":"Qui suis-je ?"},"content":{"rendered":"\n<p><\/p>\n\n\n\n<figure class=\"wp-block-image aligncenter size-medium\"><img loading=\"lazy\" decoding=\"async\" width=\"267\" height=\"300\" src=\"https:\/\/quentin-georges-foray.com\/wp-content\/uploads\/2024\/11\/PORTRAIT-267x300.png\" alt=\"\" class=\"wp-image-29\" srcset=\"https:\/\/quentin-georges-foray.com\/wp-content\/uploads\/2024\/11\/PORTRAIT-267x300.png 267w, https:\/\/quentin-georges-foray.com\/wp-content\/uploads\/2024\/11\/PORTRAIT-911x1024.png 911w, https:\/\/quentin-georges-foray.com\/wp-content\/uploads\/2024\/11\/PORTRAIT-768x863.png 768w, https:\/\/quentin-georges-foray.com\/wp-content\/uploads\/2024\/11\/PORTRAIT-1366x1536.png 1366w, https:\/\/quentin-georges-foray.com\/wp-content\/uploads\/2024\/11\/PORTRAIT.png 1545w\" sizes=\"(max-width: 267px) 100vw, 267px\" \/><\/figure>\n\n\n\n<h1 class=\"wp-block-heading\">Quentin Georges Foray<\/h1>\n\n\n\n<p>Artiste bas\u00e9 \u00e0 Lyon<\/p>\n\n\n\n<p>N\u00e9 en 1991 \u00e0 Villefranche-sur-Sa\u00f4ne, j&rsquo;ai fait mes \u00e9tudes de dessin \u00e0 Li\u00e8ge o\u00f9 j&rsquo;ai eu l&rsquo;occasion de publier quelques dessins dans la presse. Depuis install\u00e9 \u00e0 Lyon, je fais de l&rsquo;illustration, de la micro-\u00e9dition et de l&rsquo;animation.<\/p>\n\n\n\n<p><\/p>\n","protected":false},"excerpt":{"rendered":"<p>Quentin Georges Foray Artiste bas\u00e9 \u00e0 Lyon N\u00e9 en 1991 \u00e0 Villefranche-sur-Sa\u00f4ne, j&rsquo;ai fait mes \u00e9tudes de dessin \u00e0 Li\u00e8ge o\u00f9 j&rsquo;ai eu l&rsquo;occasion de publier quelques dessins dans la presse. Depuis install\u00e9 \u00e0 Lyon, je fais de l&rsquo;illustration, de la micro-\u00e9dition et de l&rsquo;animation.<\/p>\n","protected":false},"author":1,"featured_media":0,"parent":0,"menu_order":0,"comment_status":"closed","ping_status":"closed","template":"","meta":{"footnotes":""},"class_list":["post-109","page","type-page","status-publish","hentry"],"_links":{"self":[{"href":"https:\/\/quentin-georges-foray.com\/index.php?rest_route=\/wp\/v2\/pages\/109"}],"collection":[{"href":"https:\/\/quentin-georges-foray.com\/index.php?rest_route=\/wp\/v2\/pages"}],"about":[{"href":"https:\/\/quentin-georges-foray.com\/index.php?rest_route=\/wp\/v2\/types\/page"}],"author":[{"embeddable":true,"href":"https:\/\/quentin-georges-foray.com\/index.php?rest_route=\/wp\/v2\/users\/1"}],"replies":[{"embeddable":true,"href":"https:\/\/quentin-georges-foray.com\/index.php?rest_route=%2Fwp%2Fv2%2Fcomments&post=109"}],"version-history":[{"count":2,"href":"https:\/\/quentin-georges-foray.com\/index.php?rest_route=\/wp\/v2\/pages\/109\/revisions"}],"predecessor-version":[{"id":112,"href":"https:\/\/quentin-georges-foray.com\/index.php?rest_route=\/wp\/v2\/pages\/109\/revisions\/112"}],"wp:attachment":[{"href":"https:\/\/quentin-georges-foray.com\/index.php?rest_route=%2Fwp%2Fv2%2Fmedia&parent=109"}],"curies":[{"name":"wp","href":"https:\/\/api.w.org\/{rel}","templated":true}]}}